{"id":9907,"date":"2019-12-06T15:19:51","date_gmt":"2019-12-06T14:19:51","guid":{"rendered":"http:\/\/lejardindejacky.fr\/?post_type=product&#038;p=9907"},"modified":"2025-09-09T06:37:48","modified_gmt":"2025-09-09T04:37:48","slug":"potimaron-a-la-piece-de-1-a-15-kilo","status":"publish","type":"product","link":"https:\/\/lejardindejacky.fr\/?product=potimaron-a-la-piece-de-1-a-15-kilo","title":{"rendered":"Potimaron \u00e0 la pi\u00e8ce (environ de 1,2 \u00e0 1,4 kilo)"},"content":{"rendered":"","protected":false},"excerpt":{"rendered":"","protected":false},"featured_media":9908,"template":"","meta":{"_et_pb_use_builder":"","_et_pb_old_content":"","_et_gb_content_width":""},"product_cat":[20],"product_tag":[32],"yoast_head":"<!-- This site is optimized with the Yoast SEO plugin v19.6.1 - https:\/\/yoast.com\/wordpress\/plugins\/seo\/ -->\n<title>Potimaron \u00e0 la pi\u00e8ce (environ de 1,2 \u00e0 1,4 kilo) - Le Jardin de Jacky<\/title>\n<meta name=\"description\" content=\"Sa chair est jaune et farineuse, et il a la saveur de la pur\u00e9e de ch\u00e2taignes.\" \/>\n<meta name=\"robots\" content=\"index, follow, max-snippet:-1, max-image-preview:large, max-video-preview:-1\" \/>\n<link rel=\"canonical\" href=\"http:\/\/lejardindejacky.fr\/?product=potimaron-a-la-piece-de-1-a-15-kilo\" \/>\n<meta property=\"og:locale\" content=\"fr_FR\" \/>\n<meta property=\"og:type\" content=\"article\" \/>\n<meta property=\"og:title\" content=\"Potimaron \u00e0 la pi\u00e8ce (environ de 1,2 \u00e0 1,4 kilo) - Le Jardin de Jacky\" \/>\n<meta property=\"og:description\" content=\"Sa chair est jaune et farineuse, et il a la saveur de la pur\u00e9e de ch\u00e2taignes.\" \/>\n<meta property=\"og:url\" content=\"http:\/\/lejardindejacky.fr\/?product=potimaron-a-la-piece-de-1-a-15-kilo\" \/>\n<meta property=\"og:site_name\" content=\"Le Jardin de Jacky\" \/>\n<meta property=\"article:modified_time\" content=\"2025-09-09T04:37:48+00:00\" \/>\n<meta property=\"og:image\" content=\"https:\/\/i0.wp.com\/lejardindejacky.fr\/wp-content\/uploads\/2019\/12\/potimaron.jpg?fit=126%2C126\" \/>\n\t<meta property=\"og:image:width\" content=\"126\" \/>\n\t<meta property=\"og:image:height\" content=\"126\" \/>\n\t<meta property=\"og:image:type\" content=\"image\/jpeg\" \/>\n<meta name=\"twitter:card\" content=\"summary_large_image\" \/>\n<script type=\"application\/ld+json\" class=\"yoast-schema-graph\">{\"@context\":\"https:\/\/schema.org\",\"@graph\":[{\"@type\":\"WebPage\",\"@id\":\"http:\/\/lejardindejacky.fr\/?product=potimaron-a-la-piece-de-1-a-15-kilo\",\"url\":\"http:\/\/lejardindejacky.fr\/?product=potimaron-a-la-piece-de-1-a-15-kilo\",\"name\":\"Potimaron \u00e0 la pi\u00e8ce (environ de 1,2 \u00e0 1,4 kilo) - Le Jardin de Jacky\",\"isPartOf\":{\"@id\":\"http:\/\/lejardindejacky.fr\/#website\"},\"datePublished\":\"2019-12-06T14:19:51+00:00\",\"dateModified\":\"2025-09-09T04:37:48+00:00\",\"description\":\"Sa chair est jaune et farineuse, et il a la saveur de la pur\u00e9e de ch\u00e2taignes.\",\"breadcrumb\":{\"@id\":\"http:\/\/lejardindejacky.fr\/?product=potimaron-a-la-piece-de-1-a-15-kilo#breadcrumb\"},\"inLanguage\":\"fr-FR\",\"potentialAction\":[{\"@type\":\"ReadAction\",\"target\":[\"http:\/\/lejardindejacky.fr\/?product=potimaron-a-la-piece-de-1-a-15-kilo\"]}]},{\"@type\":\"BreadcrumbList\",\"@id\":\"http:\/\/lejardindejacky.fr\/?product=potimaron-a-la-piece-de-1-a-15-kilo#breadcrumb\",\"itemListElement\":[{\"@type\":\"ListItem\",\"position\":1,\"name\":\"Accueil\",\"item\":\"http:\/\/lejardindejacky.fr\/\"},{\"@type\":\"ListItem\",\"position\":2,\"name\":\"Boutique\",\"item\":\"https:\/\/lejardindejacky.fr\/?page_id=7\"},{\"@type\":\"ListItem\",\"position\":3,\"name\":\"Potimaron \u00e0 la pi\u00e8ce (environ de 1,2 \u00e0 1,4 kilo)\"}]},{\"@type\":\"WebSite\",\"@id\":\"http:\/\/lejardindejacky.fr\/#website\",\"url\":\"http:\/\/lejardindejacky.fr\/\",\"name\":\"Le Jardin de Jacky\",\"description\":\"Producteur de l\u00e9gumes \u00e0 Chasselay\",\"publisher\":{\"@id\":\"http:\/\/lejardindejacky.fr\/#organization\"},\"potentialAction\":[{\"@type\":\"SearchAction\",\"target\":{\"@type\":\"EntryPoint\",\"urlTemplate\":\"http:\/\/lejardindejacky.fr\/?s={search_term_string}\"},\"query-input\":\"required name=search_term_string\"}],\"inLanguage\":\"fr-FR\"},{\"@type\":\"Organization\",\"@id\":\"http:\/\/lejardindejacky.fr\/#organization\",\"name\":\"Le Jardin de Jacky\",\"url\":\"http:\/\/lejardindejacky.fr\/\",\"sameAs\":[],\"logo\":{\"@type\":\"ImageObject\",\"inLanguage\":\"fr-FR\",\"@id\":\"http:\/\/lejardindejacky.fr\/#\/schema\/logo\/image\/\",\"url\":\"https:\/\/i0.wp.com\/lejardindejacky.fr\/wp-content\/uploads\/2019\/09\/logo-jardin-de-jacky.png?fit=1156%2C526&ssl=1\",\"contentUrl\":\"https:\/\/i0.wp.com\/lejardindejacky.fr\/wp-content\/uploads\/2019\/09\/logo-jardin-de-jacky.png?fit=1156%2C526&ssl=1\",\"width\":1156,\"height\":526,\"caption\":\"Le Jardin de Jacky\"},\"image\":{\"@id\":\"http:\/\/lejardindejacky.fr\/#\/schema\/logo\/image\/\"}}]}<\/script>\n<!-- \/ Yoast SEO plugin. -->","yoast_head_json":{"title":"Potimaron \u00e0 la pi\u00e8ce (environ de 1,2 \u00e0 1,4 kilo) - Le Jardin de Jacky","description":"Sa chair est jaune et farineuse, et il a la saveur de la pur\u00e9e de ch\u00e2taignes.","robots":{"index":"index","follow":"follow","max-snippet":"max-snippet:-1","max-image-preview":"max-image-preview:large","max-video-preview":"max-video-preview:-1"},"canonical":"http:\/\/lejardindejacky.fr\/?product=potimaron-a-la-piece-de-1-a-15-kilo","og_locale":"fr_FR","og_type":"article","og_title":"Potimaron \u00e0 la pi\u00e8ce (environ de 1,2 \u00e0 1,4 kilo) - Le Jardin de Jacky","og_description":"Sa chair est jaune et farineuse, et il a la saveur de la pur\u00e9e de ch\u00e2taignes.","og_url":"http:\/\/lejardindejacky.fr\/?product=potimaron-a-la-piece-de-1-a-15-kilo","og_site_name":"Le Jardin de Jacky","article_modified_time":"2025-09-09T04:37:48+00:00","og_image":[{"width":126,"height":126,"url":"https:\/\/i0.wp.com\/lejardindejacky.fr\/wp-content\/uploads\/2019\/12\/potimaron.jpg?fit=126%2C126","type":"image\/jpeg"}],"twitter_card":"summary_large_image","schema":{"@context":"https:\/\/schema.org","@graph":[{"@type":"WebPage","@id":"http:\/\/lejardindejacky.fr\/?product=potimaron-a-la-piece-de-1-a-15-kilo","url":"http:\/\/lejardindejacky.fr\/?product=potimaron-a-la-piece-de-1-a-15-kilo","name":"Potimaron \u00e0 la pi\u00e8ce (environ de 1,2 \u00e0 1,4 kilo) - Le Jardin de Jacky","isPartOf":{"@id":"http:\/\/lejardindejacky.fr\/#website"},"datePublished":"2019-12-06T14:19:51+00:00","dateModified":"2025-09-09T04:37:48+00:00","description":"Sa chair est jaune et farineuse, et il a la saveur de la pur\u00e9e de ch\u00e2taignes.","breadcrumb":{"@id":"http:\/\/lejardindejacky.fr\/?product=potimaron-a-la-piece-de-1-a-15-kilo#breadcrumb"},"inLanguage":"fr-FR","potentialAction":[{"@type":"ReadAction","target":["http:\/\/lejardindejacky.fr\/?product=potimaron-a-la-piece-de-1-a-15-kilo"]}]},{"@type":"BreadcrumbList","@id":"http:\/\/lejardindejacky.fr\/?product=potimaron-a-la-piece-de-1-a-15-kilo#breadcrumb","itemListElement":[{"@type":"ListItem","position":1,"name":"Accueil","item":"http:\/\/lejardindejacky.fr\/"},{"@type":"ListItem","position":2,"name":"Boutique","item":"https:\/\/lejardindejacky.fr\/?page_id=7"},{"@type":"ListItem","position":3,"name":"Potimaron \u00e0 la pi\u00e8ce (environ de 1,2 \u00e0 1,4 kilo)"}]},{"@type":"WebSite","@id":"http:\/\/lejardindejacky.fr\/#website","url":"http:\/\/lejardindejacky.fr\/","name":"Le Jardin de Jacky","description":"Producteur de l\u00e9gumes \u00e0 Chasselay","publisher":{"@id":"http:\/\/lejardindejacky.fr\/#organization"},"potentialAction":[{"@type":"SearchAction","target":{"@type":"EntryPoint","urlTemplate":"http:\/\/lejardindejacky.fr\/?s={search_term_string}"},"query-input":"required name=search_term_string"}],"inLanguage":"fr-FR"},{"@type":"Organization","@id":"http:\/\/lejardindejacky.fr\/#organization","name":"Le Jardin de Jacky","url":"http:\/\/lejardindejacky.fr\/","sameAs":[],"logo":{"@type":"ImageObject","inLanguage":"fr-FR","@id":"http:\/\/lejardindejacky.fr\/#\/schema\/logo\/image\/","url":"https:\/\/i0.wp.com\/lejardindejacky.fr\/wp-content\/uploads\/2019\/09\/logo-jardin-de-jacky.png?fit=1156%2C526&ssl=1","contentUrl":"https:\/\/i0.wp.com\/lejardindejacky.fr\/wp-content\/uploads\/2019\/09\/logo-jardin-de-jacky.png?fit=1156%2C526&ssl=1","width":1156,"height":526,"caption":"Le Jardin de Jacky"},"image":{"@id":"http:\/\/lejardindejacky.fr\/#\/schema\/logo\/image\/"}}]}},"_links":{"self":[{"href":"https:\/\/lejardindejacky.fr\/index.php?rest_route=\/wp\/v2\/product\/9907"}],"collection":[{"href":"https:\/\/lejardindejacky.fr\/index.php?rest_route=\/wp\/v2\/product"}],"about":[{"href":"https:\/\/lejardindejacky.fr\/index.php?rest_route=\/wp\/v2\/types\/product"}],"wp:featuredmedia":[{"embeddable":true,"href":"https:\/\/lejardindejacky.fr\/index.php?rest_route=\/wp\/v2\/media\/9908"}],"wp:attachment":[{"href":"https:\/\/lejardindejacky.fr\/index.php?rest_route=%2Fwp%2Fv2%2Fmedia&parent=9907"}],"wp:term":[{"taxonomy":"product_cat","embeddable":true,"href":"https:\/\/lejardindejacky.fr\/index.php?rest_route=%2Fwp%2Fv2%2Fproduct_cat&post=9907"},{"taxonomy":"product_tag","embeddable":true,"href":"https:\/\/lejardindejacky.fr\/index.php?rest_route=%2Fwp%2Fv2%2Fproduct_tag&post=9907"}],"curies":[{"name":"wp","href":"https:\/\/api.w.org\/{rel}","templated":true}]}}