{"id":30979,"date":"2021-02-10T21:22:12","date_gmt":"2021-02-10T20:22:12","guid":{"rendered":"http:\/\/lejardindejacky.fr\/?post_type=product&#038;p=30979"},"modified":"2025-06-05T21:01:28","modified_gmt":"2025-06-05T19:01:28","slug":"huile-de-colza-les-robins-des-champs","status":"publish","type":"product","link":"https:\/\/lejardindejacky.fr\/?product=huile-de-colza-les-robins-des-champs","title":{"rendered":"Huile de Colza (Les Robins des Champs)"},"content":{"rendered":"<p>SARL de la Croix d&rsquo;Azieu<br \/>\nLa SARL de la Croix d\u2019Azieu est situ\u00e9e sur la commune de Genas, c\u2019est une exploitation d\u2019origine familiale encr\u00e9e dans le territoire depuis 6 g\u00e9n\u00e9rations (la 7\u00e8me est entr\u00e9e dans la ferme depuis un an).<br \/>\nLa zone naturelle dans laquelle se situe la ferme est appel\u00e9e plaine de l\u2019Est Lyonnais. Nous produisons du bl\u00e9, du soja, du colza, du ma\u00efs, du tournesol, de la lentille. La ferme est engag\u00e9e dans l\u2019agriculture dite de conservation.<\/p>\n<p>Avec 4 autres agriculteurs nous avons d\u00e9pos\u00e9 la marque \u00ab Les Robin des Champs \u00bb, une petite fili\u00e8re locale qui a pour but de proposer aux consommateurs de la grande r\u00e9gion Lyonnaise de la farine et du pain fait avec du bl\u00e9 produit sur nos fermes.<br \/>\nDes hommes, du bl\u00e9, du pain.<\/p>\n","protected":false},"excerpt":{"rendered":"<p>1 litre Huile de colza, premi\u00e8re pression \u00e0 froid<br \/>\npour assaisonnement<\/p>\n","protected":false},"featured_media":50832,"template":"","meta":{"_et_pb_use_builder":"","_et_pb_old_content":"","_et_gb_content_width":""},"product_cat":[15],"product_tag":[56],"yoast_head":"<!-- This site is optimized with the Yoast SEO plugin v19.6.1 - https:\/\/yoast.com\/wordpress\/plugins\/seo\/ -->\n<title>Huile de Colza (Les Robins des Champs) - Le Jardin de Jacky<\/title>\n<meta name=\"robots\" content=\"index, follow, max-snippet:-1, max-image-preview:large, max-video-preview:-1\" \/>\n<link rel=\"canonical\" href=\"http:\/\/lejardindejacky.fr\/?product=huile-de-colza-les-robins-des-champs\" \/>\n<meta property=\"og:locale\" content=\"fr_FR\" \/>\n<meta property=\"og:type\" content=\"article\" \/>\n<meta property=\"og:title\" content=\"Huile de Colza (Les Robins des Champs) - Le Jardin de Jacky\" \/>\n<meta property=\"og:description\" content=\"1 litre Huile de colza, premi\u00e8re pression \u00e0 froid pour assaisonnement\" \/>\n<meta property=\"og:url\" content=\"http:\/\/lejardindejacky.fr\/?product=huile-de-colza-les-robins-des-champs\" \/>\n<meta property=\"og:site_name\" content=\"Le Jardin de Jacky\" \/>\n<meta property=\"article:modified_time\" content=\"2025-06-05T19:01:28+00:00\" \/>\n<meta property=\"og:image\" content=\"https:\/\/i0.wp.com\/lejardindejacky.fr\/wp-content\/uploads\/2021\/02\/D5251F25-F044-4F9B-9808-EB927B9D72A7-scaled.jpeg?fit=1912%2C2560\" \/>\n\t<meta property=\"og:image:width\" content=\"1912\" \/>\n\t<meta property=\"og:image:height\" content=\"2560\" \/>\n\t<meta property=\"og:image:type\" content=\"image\/jpeg\" \/>\n<meta name=\"twitter:card\" content=\"summary_large_image\" \/>\n<meta name=\"twitter:label1\" content=\"Dur\u00e9e de lecture estim\u00e9e\" \/>\n\t<meta name=\"twitter:data1\" content=\"1 minute\" \/>\n<script type=\"application\/ld+json\" class=\"yoast-schema-graph\">{\"@context\":\"https:\/\/schema.org\",\"@graph\":[{\"@type\":\"WebPage\",\"@id\":\"http:\/\/lejardindejacky.fr\/?product=huile-de-colza-les-robins-des-champs\",\"url\":\"http:\/\/lejardindejacky.fr\/?product=huile-de-colza-les-robins-des-champs\",\"name\":\"Huile de Colza (Les Robins des Champs) - Le Jardin de Jacky\",\"isPartOf\":{\"@id\":\"http:\/\/lejardindejacky.fr\/#website\"},\"datePublished\":\"2021-02-10T20:22:12+00:00\",\"dateModified\":\"2025-06-05T19:01:28+00:00\",\"breadcrumb\":{\"@id\":\"http:\/\/lejardindejacky.fr\/?product=huile-de-colza-les-robins-des-champs#breadcrumb\"},\"inLanguage\":\"fr-FR\",\"potentialAction\":[{\"@type\":\"ReadAction\",\"target\":[\"http:\/\/lejardindejacky.fr\/?product=huile-de-colza-les-robins-des-champs\"]}]},{\"@type\":\"BreadcrumbList\",\"@id\":\"http:\/\/lejardindejacky.fr\/?product=huile-de-colza-les-robins-des-champs#breadcrumb\",\"itemListElement\":[{\"@type\":\"ListItem\",\"position\":1,\"name\":\"Accueil\",\"item\":\"http:\/\/lejardindejacky.fr\/\"},{\"@type\":\"ListItem\",\"position\":2,\"name\":\"Boutique\",\"item\":\"https:\/\/lejardindejacky.fr\/?page_id=7\"},{\"@type\":\"ListItem\",\"position\":3,\"name\":\"Huile de Colza (Les Robins des Champs)\"}]},{\"@type\":\"WebSite\",\"@id\":\"http:\/\/lejardindejacky.fr\/#website\",\"url\":\"http:\/\/lejardindejacky.fr\/\",\"name\":\"Le Jardin de Jacky\",\"description\":\"Producteur de l\u00e9gumes \u00e0 Chasselay\",\"publisher\":{\"@id\":\"http:\/\/lejardindejacky.fr\/#organization\"},\"potentialAction\":[{\"@type\":\"SearchAction\",\"target\":{\"@type\":\"EntryPoint\",\"urlTemplate\":\"http:\/\/lejardindejacky.fr\/?s={search_term_string}\"},\"query-input\":\"required name=search_term_string\"}],\"inLanguage\":\"fr-FR\"},{\"@type\":\"Organization\",\"@id\":\"http:\/\/lejardindejacky.fr\/#organization\",\"name\":\"Le Jardin de Jacky\",\"url\":\"http:\/\/lejardindejacky.fr\/\",\"sameAs\":[],\"logo\":{\"@type\":\"ImageObject\",\"inLanguage\":\"fr-FR\",\"@id\":\"http:\/\/lejardindejacky.fr\/#\/schema\/logo\/image\/\",\"url\":\"https:\/\/i0.wp.com\/lejardindejacky.fr\/wp-content\/uploads\/2019\/09\/logo-jardin-de-jacky.png?fit=1156%2C526&ssl=1\",\"contentUrl\":\"https:\/\/i0.wp.com\/lejardindejacky.fr\/wp-content\/uploads\/2019\/09\/logo-jardin-de-jacky.png?fit=1156%2C526&ssl=1\",\"width\":1156,\"height\":526,\"caption\":\"Le Jardin de Jacky\"},\"image\":{\"@id\":\"http:\/\/lejardindejacky.fr\/#\/schema\/logo\/image\/\"}}]}<\/script>\n<!-- \/ Yoast SEO plugin. -->","yoast_head_json":{"title":"Huile de Colza (Les Robins des Champs) - Le Jardin de Jacky","robots":{"index":"index","follow":"follow","max-snippet":"max-snippet:-1","max-image-preview":"max-image-preview:large","max-video-preview":"max-video-preview:-1"},"canonical":"http:\/\/lejardindejacky.fr\/?product=huile-de-colza-les-robins-des-champs","og_locale":"fr_FR","og_type":"article","og_title":"Huile de Colza (Les Robins des Champs) - Le Jardin de Jacky","og_description":"1 litre Huile de colza, premi\u00e8re pression \u00e0 froid pour assaisonnement","og_url":"http:\/\/lejardindejacky.fr\/?product=huile-de-colza-les-robins-des-champs","og_site_name":"Le Jardin de Jacky","article_modified_time":"2025-06-05T19:01:28+00:00","og_image":[{"width":1912,"height":2560,"url":"https:\/\/i0.wp.com\/lejardindejacky.fr\/wp-content\/uploads\/2021\/02\/D5251F25-F044-4F9B-9808-EB927B9D72A7-scaled.jpeg?fit=1912%2C2560","type":"image\/jpeg"}],"twitter_card":"summary_large_image","twitter_misc":{"Dur\u00e9e de lecture estim\u00e9e":"1 minute"},"schema":{"@context":"https:\/\/schema.org","@graph":[{"@type":"WebPage","@id":"http:\/\/lejardindejacky.fr\/?product=huile-de-colza-les-robins-des-champs","url":"http:\/\/lejardindejacky.fr\/?product=huile-de-colza-les-robins-des-champs","name":"Huile de Colza (Les Robins des Champs) - Le Jardin de Jacky","isPartOf":{"@id":"http:\/\/lejardindejacky.fr\/#website"},"datePublished":"2021-02-10T20:22:12+00:00","dateModified":"2025-06-05T19:01:28+00:00","breadcrumb":{"@id":"http:\/\/lejardindejacky.fr\/?product=huile-de-colza-les-robins-des-champs#breadcrumb"},"inLanguage":"fr-FR","potentialAction":[{"@type":"ReadAction","target":["http:\/\/lejardindejacky.fr\/?product=huile-de-colza-les-robins-des-champs"]}]},{"@type":"BreadcrumbList","@id":"http:\/\/lejardindejacky.fr\/?product=huile-de-colza-les-robins-des-champs#breadcrumb","itemListElement":[{"@type":"ListItem","position":1,"name":"Accueil","item":"http:\/\/lejardindejacky.fr\/"},{"@type":"ListItem","position":2,"name":"Boutique","item":"https:\/\/lejardindejacky.fr\/?page_id=7"},{"@type":"ListItem","position":3,"name":"Huile de Colza (Les Robins des Champs)"}]},{"@type":"WebSite","@id":"http:\/\/lejardindejacky.fr\/#website","url":"http:\/\/lejardindejacky.fr\/","name":"Le Jardin de Jacky","description":"Producteur de l\u00e9gumes \u00e0 Chasselay","publisher":{"@id":"http:\/\/lejardindejacky.fr\/#organization"},"potentialAction":[{"@type":"SearchAction","target":{"@type":"EntryPoint","urlTemplate":"http:\/\/lejardindejacky.fr\/?s={search_term_string}"},"query-input":"required name=search_term_string"}],"inLanguage":"fr-FR"},{"@type":"Organization","@id":"http:\/\/lejardindejacky.fr\/#organization","name":"Le Jardin de Jacky","url":"http:\/\/lejardindejacky.fr\/","sameAs":[],"logo":{"@type":"ImageObject","inLanguage":"fr-FR","@id":"http:\/\/lejardindejacky.fr\/#\/schema\/logo\/image\/","url":"https:\/\/i0.wp.com\/lejardindejacky.fr\/wp-content\/uploads\/2019\/09\/logo-jardin-de-jacky.png?fit=1156%2C526&ssl=1","contentUrl":"https:\/\/i0.wp.com\/lejardindejacky.fr\/wp-content\/uploads\/2019\/09\/logo-jardin-de-jacky.png?fit=1156%2C526&ssl=1","width":1156,"height":526,"caption":"Le Jardin de Jacky"},"image":{"@id":"http:\/\/lejardindejacky.fr\/#\/schema\/logo\/image\/"}}]}},"_links":{"self":[{"href":"https:\/\/lejardindejacky.fr\/index.php?rest_route=\/wp\/v2\/product\/30979"}],"collection":[{"href":"https:\/\/lejardindejacky.fr\/index.php?rest_route=\/wp\/v2\/product"}],"about":[{"href":"https:\/\/lejardindejacky.fr\/index.php?rest_route=\/wp\/v2\/types\/product"}],"wp:featuredmedia":[{"embeddable":true,"href":"https:\/\/lejardindejacky.fr\/index.php?rest_route=\/wp\/v2\/media\/50832"}],"wp:attachment":[{"href":"https:\/\/lejardindejacky.fr\/index.php?rest_route=%2Fwp%2Fv2%2Fmedia&parent=30979"}],"wp:term":[{"taxonomy":"product_cat","embeddable":true,"href":"https:\/\/lejardindejacky.fr\/index.php?rest_route=%2Fwp%2Fv2%2Fproduct_cat&post=30979"},{"taxonomy":"product_tag","embeddable":true,"href":"https:\/\/lejardindejacky.fr\/index.php?rest_route=%2Fwp%2Fv2%2Fproduct_tag&post=30979"}],"curies":[{"name":"wp","href":"https:\/\/api.w.org\/{rel}","templated":true}]}}