{"id":10,"date":"2019-06-15T16:24:27","date_gmt":"2019-06-15T14:24:27","guid":{"rendered":"http:\/\/lejardindejacky.fr\/?page_id=10"},"modified":"2019-06-15T16:24:27","modified_gmt":"2019-06-15T14:24:27","slug":"mon-compte","status":"publish","type":"page","link":"https:\/\/lejardindejacky.fr\/?page_id=10","title":{"rendered":"Mon compte"},"content":{"rendered":"<div class=\"woocommerce\"><div class=\"woocommerce-notices-wrapper\"><\/div>\n\n<div class=\"u-columns col2-set\" id=\"customer_login\">\n\n\t<div class=\"u-column1 col-1\">\n\n\n\t\t<h2>Connexion<\/h2>\n\n\t\t<form class=\"woocommerce-form woocommerce-form-login login\" method=\"post\">\n\n\t\t\t\n\t\t\t<p class=\"woocommerce-form-row woocommerce-form-row--wide form-row form-row-wide\">\n\t\t\t\t<label for=\"username\">Identifiant ou e-mail&nbsp;<span class=\"required\">*<\/span><\/label>\n\t\t\t\t<input type=\"text\" class=\"woocommerce-Input woocommerce-Input--text input-text\" name=\"username\" id=\"username\" autocomplete=\"username\" value=\"\" \/>\t\t\t<\/p>\n\t\t\t<p class=\"woocommerce-form-row woocommerce-form-row--wide form-row form-row-wide\">\n\t\t\t\t<label for=\"password\">Mot de passe&nbsp;<span class=\"required\">*<\/span><\/label>\n\t\t\t\t<input class=\"woocommerce-Input woocommerce-Input--text input-text\" type=\"password\" name=\"password\" id=\"password\" autocomplete=\"current-password\" \/>\n\t\t\t<\/p>\n\n\t\t\t\n\t\t\t<p class=\"form-row\">\n\t\t\t\t<label class=\"woocommerce-form__label woocommerce-form__label-for-checkbox woocommerce-form-login__rememberme\">\n\t\t\t\t\t<input class=\"woocommerce-form__input woocommerce-form__input-checkbox\" name=\"rememberme\" type=\"checkbox\" id=\"rememberme\" value=\"forever\" \/> <span>Se souvenir de moi<\/span>\n\t\t\t\t<\/label>\n\t\t\t\t<input type=\"hidden\" id=\"woocommerce-login-nonce\" name=\"woocommerce-login-nonce\" value=\"44ea2f2a67\" \/><input type=\"hidden\" name=\"_wp_http_referer\" value=\"\/index.php?rest_route=%2Fwp%2Fv2%2Fpages%2F10\" \/>\t\t\t\t<button type=\"submit\" class=\"woocommerce-button button woocommerce-form-login__submit\" name=\"login\" value=\"Identification\">Identification<\/button>\n\t\t\t<\/p>\n\t\t\t<p class=\"woocommerce-LostPassword lost_password\">\n\t\t\t\t<a href=\"https:\/\/lejardindejacky.fr\/wp-login.php?action=lostpassword\">Mot de passe perdu\u00a0?<\/a>\n\t\t\t<\/p>\n\n\t\t\t\n\t\t<\/form>\n\n\n\t<\/div>\n\n\t<div class=\"u-column2 col-2\">\n\n\t\t<h2>S&rsquo;enregistrer<\/h2>\n\n\t\t<form method=\"post\" class=\"woocommerce-form woocommerce-form-register register\"  >\n\n\t\t\t\n\t\t\t\n\t\t\t<p class=\"woocommerce-form-row woocommerce-form-row--wide form-row form-row-wide\">\n\t\t\t\t<label for=\"reg_email\">E-mail&nbsp;<span class=\"required\">*<\/span><\/label>\n\t\t\t\t<input type=\"email\" class=\"woocommerce-Input woocommerce-Input--text input-text\" name=\"email\" id=\"reg_email\" autocomplete=\"email\" value=\"\" \/>\t\t\t<\/p>\n\n\t\t\t\n\t\t\t\t<p>Un lien permettant de d\u00e9finir un nouveau mot de passe sera envoy\u00e9 \u00e0 votre adresse e-mail.<\/p>\n\n\t\t\t\n\t\t\t<div class=\"woocommerce-privacy-policy-text\"><p>Vos donn\u00e9es personnelles seront utilis\u00e9es pour vous accompagner au cours de votre visite du site web, g\u00e9rer l\u2019acc\u00e8s \u00e0 votre compte, et pour d\u2019autres raisons d\u00e9crites dans notre <a href=\"https:\/\/lejardindejacky.fr\/?page_id=3\" class=\"woocommerce-privacy-policy-link\" target=\"_blank\">politique de confidentialit\u00e9<\/a>.<\/p>\n<\/div>\n\t\t\t<p class=\"woocommerce-form-row form-row\">\n\t\t\t\t<input type=\"hidden\" id=\"woocommerce-register-nonce\" name=\"woocommerce-register-nonce\" value=\"f02326a012\" \/><input type=\"hidden\" name=\"_wp_http_referer\" value=\"\/index.php?rest_route=%2Fwp%2Fv2%2Fpages%2F10\" \/>\t\t\t\t<button type=\"submit\" class=\"woocommerce-Button woocommerce-button button woocommerce-form-register__submit\" name=\"register\" value=\"S&rsquo;enregistrer\">S&rsquo;enregistrer<\/button>\n\t\t\t<\/p>\n\n\t\t\t\n\t\t<\/form>\n\n\t<\/div>\n\n<\/div>\n\n<\/div>\n","protected":false},"excerpt":{"rendered":"","protected":false},"author":1,"featured_media":0,"parent":0,"menu_order":0,"comment_status":"closed","ping_status":"closed","template":"","meta":{"_et_pb_use_builder":"","_et_pb_old_content":"","_et_gb_content_width":""},"yoast_head":"<!-- This site is optimized with the Yoast SEO plugin v19.6.1 - https:\/\/yoast.com\/wordpress\/plugins\/seo\/ -->\n<title>Mon compte - Le Jardin de Jacky<\/title>\n<meta name=\"robots\" content=\"index, follow, max-snippet:-1, max-image-preview:large, max-video-preview:-1\" \/>\n<link rel=\"canonical\" href=\"http:\/\/lejardindejacky.fr\/?page_id=10\" \/>\n<meta property=\"og:locale\" content=\"fr_FR\" \/>\n<meta property=\"og:type\" content=\"article\" \/>\n<meta property=\"og:title\" content=\"Mon compte - Le Jardin de Jacky\" \/>\n<meta property=\"og:url\" content=\"http:\/\/lejardindejacky.fr\/?page_id=10\" \/>\n<meta property=\"og:site_name\" content=\"Le Jardin de Jacky\" \/>\n<meta name=\"twitter:card\" content=\"summary_large_image\" \/>\n<script type=\"application\/ld+json\" class=\"yoast-schema-graph\">{\"@context\":\"https:\/\/schema.org\",\"@graph\":[{\"@type\":\"WebPage\",\"@id\":\"http:\/\/lejardindejacky.fr\/?page_id=10\",\"url\":\"http:\/\/lejardindejacky.fr\/?page_id=10\",\"name\":\"Mon compte - Le Jardin de Jacky\",\"isPartOf\":{\"@id\":\"http:\/\/lejardindejacky.fr\/#website\"},\"datePublished\":\"2019-06-15T14:24:27+00:00\",\"dateModified\":\"2019-06-15T14:24:27+00:00\",\"breadcrumb\":{\"@id\":\"http:\/\/lejardindejacky.fr\/?page_id=10#breadcrumb\"},\"inLanguage\":\"fr-FR\",\"potentialAction\":[{\"@type\":\"ReadAction\",\"target\":[\"http:\/\/lejardindejacky.fr\/?page_id=10\"]}]},{\"@type\":\"BreadcrumbList\",\"@id\":\"http:\/\/lejardindejacky.fr\/?page_id=10#breadcrumb\",\"itemListElement\":[{\"@type\":\"ListItem\",\"position\":1,\"name\":\"Accueil\",\"item\":\"http:\/\/lejardindejacky.fr\/\"},{\"@type\":\"ListItem\",\"position\":2,\"name\":\"Mon compte\"}]},{\"@type\":\"WebSite\",\"@id\":\"http:\/\/lejardindejacky.fr\/#website\",\"url\":\"http:\/\/lejardindejacky.fr\/\",\"name\":\"Le Jardin de Jacky\",\"description\":\"Producteur de l\u00e9gumes \u00e0 Chasselay\",\"publisher\":{\"@id\":\"http:\/\/lejardindejacky.fr\/#organization\"},\"potentialAction\":[{\"@type\":\"SearchAction\",\"target\":{\"@type\":\"EntryPoint\",\"urlTemplate\":\"http:\/\/lejardindejacky.fr\/?s={search_term_string}\"},\"query-input\":\"required name=search_term_string\"}],\"inLanguage\":\"fr-FR\"},{\"@type\":\"Organization\",\"@id\":\"http:\/\/lejardindejacky.fr\/#organization\",\"name\":\"Le Jardin de Jacky\",\"url\":\"http:\/\/lejardindejacky.fr\/\",\"sameAs\":[],\"logo\":{\"@type\":\"ImageObject\",\"inLanguage\":\"fr-FR\",\"@id\":\"http:\/\/lejardindejacky.fr\/#\/schema\/logo\/image\/\",\"url\":\"https:\/\/i0.wp.com\/lejardindejacky.fr\/wp-content\/uploads\/2019\/09\/logo-jardin-de-jacky.png?fit=1156%2C526&ssl=1\",\"contentUrl\":\"https:\/\/i0.wp.com\/lejardindejacky.fr\/wp-content\/uploads\/2019\/09\/logo-jardin-de-jacky.png?fit=1156%2C526&ssl=1\",\"width\":1156,\"height\":526,\"caption\":\"Le Jardin de Jacky\"},\"image\":{\"@id\":\"http:\/\/lejardindejacky.fr\/#\/schema\/logo\/image\/\"}}]}<\/script>\n<!-- \/ Yoast SEO plugin. -->","yoast_head_json":{"title":"Mon compte - Le Jardin de Jacky","robots":{"index":"index","follow":"follow","max-snippet":"max-snippet:-1","max-image-preview":"max-image-preview:large","max-video-preview":"max-video-preview:-1"},"canonical":"http:\/\/lejardindejacky.fr\/?page_id=10","og_locale":"fr_FR","og_type":"article","og_title":"Mon compte - Le Jardin de Jacky","og_url":"http:\/\/lejardindejacky.fr\/?page_id=10","og_site_name":"Le Jardin de Jacky","twitter_card":"summary_large_image","schema":{"@context":"https:\/\/schema.org","@graph":[{"@type":"WebPage","@id":"http:\/\/lejardindejacky.fr\/?page_id=10","url":"http:\/\/lejardindejacky.fr\/?page_id=10","name":"Mon compte - Le Jardin de Jacky","isPartOf":{"@id":"http:\/\/lejardindejacky.fr\/#website"},"datePublished":"2019-06-15T14:24:27+00:00","dateModified":"2019-06-15T14:24:27+00:00","breadcrumb":{"@id":"http:\/\/lejardindejacky.fr\/?page_id=10#breadcrumb"},"inLanguage":"fr-FR","potentialAction":[{"@type":"ReadAction","target":["http:\/\/lejardindejacky.fr\/?page_id=10"]}]},{"@type":"BreadcrumbList","@id":"http:\/\/lejardindejacky.fr\/?page_id=10#breadcrumb","itemListElement":[{"@type":"ListItem","position":1,"name":"Accueil","item":"http:\/\/lejardindejacky.fr\/"},{"@type":"ListItem","position":2,"name":"Mon compte"}]},{"@type":"WebSite","@id":"http:\/\/lejardindejacky.fr\/#website","url":"http:\/\/lejardindejacky.fr\/","name":"Le Jardin de Jacky","description":"Producteur de l\u00e9gumes \u00e0 Chasselay","publisher":{"@id":"http:\/\/lejardindejacky.fr\/#organization"},"potentialAction":[{"@type":"SearchAction","target":{"@type":"EntryPoint","urlTemplate":"http:\/\/lejardindejacky.fr\/?s={search_term_string}"},"query-input":"required name=search_term_string"}],"inLanguage":"fr-FR"},{"@type":"Organization","@id":"http:\/\/lejardindejacky.fr\/#organization","name":"Le Jardin de Jacky","url":"http:\/\/lejardindejacky.fr\/","sameAs":[],"logo":{"@type":"ImageObject","inLanguage":"fr-FR","@id":"http:\/\/lejardindejacky.fr\/#\/schema\/logo\/image\/","url":"https:\/\/i0.wp.com\/lejardindejacky.fr\/wp-content\/uploads\/2019\/09\/logo-jardin-de-jacky.png?fit=1156%2C526&ssl=1","contentUrl":"https:\/\/i0.wp.com\/lejardindejacky.fr\/wp-content\/uploads\/2019\/09\/logo-jardin-de-jacky.png?fit=1156%2C526&ssl=1","width":1156,"height":526,"caption":"Le Jardin de Jacky"},"image":{"@id":"http:\/\/lejardindejacky.fr\/#\/schema\/logo\/image\/"}}]}},"_links":{"self":[{"href":"https:\/\/lejardindejacky.fr\/index.php?rest_route=\/wp\/v2\/pages\/10"}],"collection":[{"href":"https:\/\/lejardindejacky.fr\/index.php?rest_route=\/wp\/v2\/pages"}],"about":[{"href":"https:\/\/lejardindejacky.fr\/index.php?rest_route=\/wp\/v2\/types\/page"}],"author":[{"embeddable":true,"href":"https:\/\/lejardindejacky.fr\/index.php?rest_route=\/wp\/v2\/users\/1"}],"replies":[{"embeddable":true,"href":"https:\/\/lejardindejacky.fr\/index.php?rest_route=%2Fwp%2Fv2%2Fcomments&post=10"}],"version-history":[{"count":0,"href":"https:\/\/lejardindejacky.fr\/index.php?rest_route=\/wp\/v2\/pages\/10\/revisions"}],"wp:attachment":[{"href":"https:\/\/lejardindejacky.fr\/index.php?rest_route=%2Fwp%2Fv2%2Fmedia&parent=10"}],"curies":[{"name":"wp","href":"https:\/\/api.w.org\/{rel}","templated":true}]}}